{"id":118,"date":"2020-08-20T10:01:57","date_gmt":"2020-08-20T10:01:57","guid":{"rendered":"http:\/\/tuplannerproductivo.com\/?page_id=118"},"modified":"2024-01-02T17:19:38","modified_gmt":"2024-01-02T17:19:38","slug":"store","status":"publish","type":"page","link":"https:\/\/tuplannerproductivo.com\/?page_id=118","title":{"rendered":"Store"},"content":{"rendered":"\n<div class=\"wp-block-uagb-container uagb-block-a1dd6c5f alignfull uagb-is-root-container\"><div class=\"uagb-container-inner-blocks-wrap\">\n<div class=\"wp-block-uagb-advanced-heading uagb-block-d899e638\"><h1 class=\"uagb-heading-text\">Tienda<\/h1><\/div>\n<\/div><\/div>\n\n\n\n<div class=\"wp-block-uagb-container uagb-block-1cbeeeaa alignfull uagb-is-root-container\"><div class=\"uagb-container-inner-blocks-wrap\">\n<div class=\"wp-block-uagb-advanced-heading uagb-block-05a56b66\"><h2 class=\"uagb-heading-text\">Featured Planners<\/h2><\/div>\n\n\n<div class=\"woocommerce columns-3 \"><ul class=\"products columns-3\">\n<li class=\"desktop-align-left tablet-align-left mobile-align-left product type-product post-755 status-publish first instock product_cat-mindfulness product_tag-mindfulness has-post-thumbnail featured shipping-taxable purchasable product-type-simple\">\n\t<a href=\"https:\/\/tuplannerproductivo.com\/?product=bigmandala\" class=\"woocommerce-LoopProduct-link woocommerce-loop-product__link\"><img width=\"300\" height=\"300\" src=\"https:\/\/tuplannerproductivo.com\/wp-content\/uploads\/2025\/08\/IMG_1768-300x300.jpg\" class=\"attachment-woocommerce_thumbnail size-woocommerce_thumbnail\" alt=\"\" decoding=\"async\" loading=\"lazy\" srcset=\"https:\/\/tuplannerproductivo.com\/wp-content\/uploads\/2025\/08\/IMG_1768-300x300.jpg 300w, https:\/\/tuplannerproductivo.com\/wp-content\/uploads\/2025\/08\/IMG_1768-150x150.jpg 150w, https:\/\/tuplannerproductivo.com\/wp-content\/uploads\/2025\/08\/IMG_1768-100x100.jpg 100w\" sizes=\"(max-width: 300px) 100vw, 300px\" \/><h2 class=\"woocommerce-loop-product__title\">Big Mandala<\/h2><div class=\"star-rating\"><span style=\"width:0%\">Valorado en <strong class=\"rating\">0<\/strong> de 5<\/span><\/div>\n\t<span class=\"price\"><span class=\"woocommerce-Price-amount amount\"><bdi><span class=\"woocommerce-Price-currencySymbol\">&#36;<\/span>119.900<\/bdi><\/span><\/span>\n<\/a><a href=\"?add-to-cart=755\" data-quantity=\"1\" class=\"ast-on-card-button ast-select-options-trigger product_type_simple add_to_cart_button ajax_add_to_cart\" data-product_id=\"755\" data-product_sku=\"\" aria-label=\"A\u00f1ade &ldquo;Big Mandala&rdquo; a tu carrito\" rel=\"nofollow\"> <span class=\"ast-card-action-tooltip\"> A\u00f1adir al carrito <\/span> <span class=\"ahfb-svg-iconset\"> <span class=\"ast-icon icon-bag\"><svg xmlns=\"http:\/\/www.w3.org\/2000\/svg\" xmlns:xlink=\"http:\/\/www.w3.org\/1999\/xlink\" version=\"1.1\" id=\"ast-bag-icon-svg\" x=\"0px\" y=\"0px\" width=\"100\" height=\"100\" viewBox=\"826 826 140 140\" enable-background=\"new 826 826 140 140\" xml:space=\"preserve\">\n\t\t\t\t<path d=\"M960.758,934.509l2.632,23.541c0.15,1.403-0.25,2.657-1.203,3.761c-0.953,1.053-2.156,1.579-3.61,1.579H833.424  c-1.454,0-2.657-0.526-3.61-1.579c-0.952-1.104-1.354-2.357-1.203-3.761l2.632-23.541H960.758z M953.763,871.405l6.468,58.29H831.77  l6.468-58.29c0.15-1.203,0.677-2.218,1.58-3.045c0.903-0.827,1.981-1.241,3.234-1.241h19.254v9.627c0,2.658,0.94,4.927,2.82,6.807  s4.149,2.82,6.807,2.82c2.658,0,4.926-0.94,6.807-2.82s2.821-4.149,2.821-6.807v-9.627h28.882v9.627  c0,2.658,0.939,4.927,2.819,6.807c1.881,1.88,4.149,2.82,6.807,2.82s4.927-0.94,6.808-2.82c1.879-1.88,2.82-4.149,2.82-6.807v-9.627  h19.253c1.255,0,2.332,0.414,3.235,1.241C953.086,869.187,953.612,870.202,953.763,871.405z M924.881,857.492v19.254  c0,1.304-0.476,2.432-1.429,3.385s-2.08,1.429-3.385,1.429c-1.303,0-2.432-0.477-3.384-1.429c-0.953-0.953-1.43-2.081-1.43-3.385  v-19.254c0-5.315-1.881-9.853-5.641-13.613c-3.76-3.761-8.298-5.641-13.613-5.641s-9.853,1.88-13.613,5.641  c-3.761,3.76-5.641,8.298-5.641,13.613v19.254c0,1.304-0.476,2.432-1.429,3.385c-0.953,0.953-2.081,1.429-3.385,1.429  c-1.303,0-2.432-0.477-3.384-1.429c-0.953-0.953-1.429-2.081-1.429-3.385v-19.254c0-7.973,2.821-14.779,8.461-20.42  c5.641-5.641,12.448-8.461,20.42-8.461c7.973,0,14.779,2.82,20.42,8.461C922.062,842.712,924.881,849.519,924.881,857.492z\"\/>\n\t\t\t\t<\/svg><\/span> <\/span> <\/a><a href=\"?add-to-cart=755\" data-quantity=\"1\" class=\"button product_type_simple add_to_cart_button ajax_add_to_cart\" data-product_id=\"755\" data-product_sku=\"\" aria-label=\"A\u00f1ade &ldquo;Big Mandala&rdquo; a tu carrito\" aria-describedby=\"\" rel=\"nofollow\">A\u00f1adir al carrito<\/a><\/li>\n<li class=\"desktop-align-left tablet-align-left mobile-align-left product type-product post-85 status-publish instock product_cat-mindfulness product_cat-planners has-post-thumbnail sale featured shipping-taxable purchasable product-type-simple\">\n\t<a href=\"https:\/\/tuplannerproductivo.com\/?product=kitproductivo\" class=\"woocommerce-LoopProduct-link woocommerce-loop-product__link\">\n\t\n\t<img width=\"300\" height=\"300\" src=\"https:\/\/tuplannerproductivo.com\/wp-content\/uploads\/2019\/01\/Kit-Productivo-300x300.jpeg\" class=\"attachment-woocommerce_thumbnail size-woocommerce_thumbnail\" alt=\"\" decoding=\"async\" loading=\"lazy\" srcset=\"https:\/\/tuplannerproductivo.com\/wp-content\/uploads\/2019\/01\/Kit-Productivo-300x300.jpeg 300w, https:\/\/tuplannerproductivo.com\/wp-content\/uploads\/2019\/01\/Kit-Productivo-1024x1024.jpeg 1024w, https:\/\/tuplannerproductivo.com\/wp-content\/uploads\/2019\/01\/Kit-Productivo-150x150.jpeg 150w, https:\/\/tuplannerproductivo.com\/wp-content\/uploads\/2019\/01\/Kit-Productivo-768x768.jpeg 768w, https:\/\/tuplannerproductivo.com\/wp-content\/uploads\/2019\/01\/Kit-Productivo-1536x1536.jpeg 1536w, https:\/\/tuplannerproductivo.com\/wp-content\/uploads\/2019\/01\/Kit-Productivo-2048x2048.jpeg 2048w, https:\/\/tuplannerproductivo.com\/wp-content\/uploads\/2019\/01\/Kit-Productivo-1320x1320.jpeg 1320w, https:\/\/tuplannerproductivo.com\/wp-content\/uploads\/2019\/01\/Kit-Productivo-600x600.jpeg 600w, https:\/\/tuplannerproductivo.com\/wp-content\/uploads\/2019\/01\/Kit-Productivo-100x100.jpeg 100w\" sizes=\"(max-width: 300px) 100vw, 300px\" \/><h2 class=\"woocommerce-loop-product__title\">Kit Productivo<\/h2><div class=\"star-rating\"><span style=\"width:0%\">Valorado en <strong class=\"rating\">0<\/strong> de 5<\/span><\/div>\n\t<span class=\"price\"><del aria-hidden=\"true\"><span class=\"woocommerce-Price-amount amount\"><bdi><span class=\"woocommerce-Price-currencySymbol\">&#36;<\/span>99.800<\/bdi><\/span><\/del> <ins><span class=\"woocommerce-Price-amount amount\"><bdi><span class=\"woocommerce-Price-currencySymbol\">&#36;<\/span>89.900<\/bdi><\/span><\/ins><\/span>\n<\/a><span  class=\"ast-on-card-button ast-onsale-card\" data-notification=\"default\">Sale!<\/span><a href=\"?add-to-cart=85\" data-quantity=\"1\" class=\"ast-on-card-button ast-select-options-trigger product_type_simple add_to_cart_button ajax_add_to_cart\" data-product_id=\"85\" data-product_sku=\"\" aria-label=\"A\u00f1ade &ldquo;Kit Productivo&rdquo; a tu carrito\" rel=\"nofollow\"> <span class=\"ast-card-action-tooltip\"> A\u00f1adir al carrito <\/span> <span class=\"ahfb-svg-iconset\"> <span class=\"ast-icon icon-bag\"><svg xmlns=\"http:\/\/www.w3.org\/2000\/svg\" xmlns:xlink=\"http:\/\/www.w3.org\/1999\/xlink\" version=\"1.1\" id=\"ast-bag-icon-svg\" x=\"0px\" y=\"0px\" width=\"100\" height=\"100\" viewBox=\"826 826 140 140\" enable-background=\"new 826 826 140 140\" xml:space=\"preserve\">\n\t\t\t\t<path d=\"M960.758,934.509l2.632,23.541c0.15,1.403-0.25,2.657-1.203,3.761c-0.953,1.053-2.156,1.579-3.61,1.579H833.424  c-1.454,0-2.657-0.526-3.61-1.579c-0.952-1.104-1.354-2.357-1.203-3.761l2.632-23.541H960.758z M953.763,871.405l6.468,58.29H831.77  l6.468-58.29c0.15-1.203,0.677-2.218,1.58-3.045c0.903-0.827,1.981-1.241,3.234-1.241h19.254v9.627c0,2.658,0.94,4.927,2.82,6.807  s4.149,2.82,6.807,2.82c2.658,0,4.926-0.94,6.807-2.82s2.821-4.149,2.821-6.807v-9.627h28.882v9.627  c0,2.658,0.939,4.927,2.819,6.807c1.881,1.88,4.149,2.82,6.807,2.82s4.927-0.94,6.808-2.82c1.879-1.88,2.82-4.149,2.82-6.807v-9.627  h19.253c1.255,0,2.332,0.414,3.235,1.241C953.086,869.187,953.612,870.202,953.763,871.405z M924.881,857.492v19.254  c0,1.304-0.476,2.432-1.429,3.385s-2.08,1.429-3.385,1.429c-1.303,0-2.432-0.477-3.384-1.429c-0.953-0.953-1.43-2.081-1.43-3.385  v-19.254c0-5.315-1.881-9.853-5.641-13.613c-3.76-3.761-8.298-5.641-13.613-5.641s-9.853,1.88-13.613,5.641  c-3.761,3.76-5.641,8.298-5.641,13.613v19.254c0,1.304-0.476,2.432-1.429,3.385c-0.953,0.953-2.081,1.429-3.385,1.429  c-1.303,0-2.432-0.477-3.384-1.429c-0.953-0.953-1.429-2.081-1.429-3.385v-19.254c0-7.973,2.821-14.779,8.461-20.42  c5.641-5.641,12.448-8.461,20.42-8.461c7.973,0,14.779,2.82,20.42,8.461C922.062,842.712,924.881,849.519,924.881,857.492z\"\/>\n\t\t\t\t<\/svg><\/span> <\/span> <\/a><a href=\"?add-to-cart=85\" data-quantity=\"1\" class=\"button product_type_simple add_to_cart_button ajax_add_to_cart\" data-product_id=\"85\" data-product_sku=\"\" aria-label=\"A\u00f1ade &ldquo;Kit Productivo&rdquo; a tu carrito\" aria-describedby=\"\" rel=\"nofollow\">A\u00f1adir al carrito<\/a><\/li>\n<li class=\"desktop-align-left tablet-align-left mobile-align-left product type-product post-765 status-publish last instock product_cat-mindfulness product_cat-planners has-post-thumbnail featured shipping-taxable purchasable product-type-simple\">\n\t<a href=\"https:\/\/tuplannerproductivo.com\/?product=mi-planner-de-bienestar-personalizado\" class=\"woocommerce-LoopProduct-link woocommerce-loop-product__link\"><img width=\"300\" height=\"300\" src=\"https:\/\/tuplannerproductivo.com\/wp-content\/uploads\/2025\/12\/Agenda-personalizada-4-300x300.jpeg\" class=\"attachment-woocommerce_thumbnail size-woocommerce_thumbnail\" alt=\"\" decoding=\"async\" loading=\"lazy\" srcset=\"https:\/\/tuplannerproductivo.com\/wp-content\/uploads\/2025\/12\/Agenda-personalizada-4-300x300.jpeg 300w, https:\/\/tuplannerproductivo.com\/wp-content\/uploads\/2025\/12\/Agenda-personalizada-4-1024x1024.jpeg 1024w, https:\/\/tuplannerproductivo.com\/wp-content\/uploads\/2025\/12\/Agenda-personalizada-4-150x150.jpeg 150w, https:\/\/tuplannerproductivo.com\/wp-content\/uploads\/2025\/12\/Agenda-personalizada-4-768x768.jpeg 768w, https:\/\/tuplannerproductivo.com\/wp-content\/uploads\/2025\/12\/Agenda-personalizada-4-600x600.jpeg 600w, https:\/\/tuplannerproductivo.com\/wp-content\/uploads\/2025\/12\/Agenda-personalizada-4-100x100.jpeg 100w, https:\/\/tuplannerproductivo.com\/wp-content\/uploads\/2025\/12\/Agenda-personalizada-4.jpeg 1280w\" sizes=\"(max-width: 300px) 100vw, 300px\" \/><h2 class=\"woocommerce-loop-product__title\">Mi Planner de Bienestar Personalizado<\/h2><div class=\"star-rating\"><span style=\"width:0%\">Valorado en <strong class=\"rating\">0<\/strong> de 5<\/span><\/div>\n\t<span class=\"price\"><span class=\"woocommerce-Price-amount amount\"><bdi><span class=\"woocommerce-Price-currencySymbol\">&#36;<\/span>79.900<\/bdi><\/span><\/span>\n<\/a><a href=\"?add-to-cart=765\" data-quantity=\"1\" class=\"ast-on-card-button ast-select-options-trigger product_type_simple add_to_cart_button ajax_add_to_cart\" data-product_id=\"765\" data-product_sku=\"\" aria-label=\"A\u00f1ade &ldquo;Mi Planner de Bienestar Personalizado&rdquo; a tu carrito\" rel=\"nofollow\"> <span class=\"ast-card-action-tooltip\"> A\u00f1adir al carrito <\/span> <span class=\"ahfb-svg-iconset\"> <span class=\"ast-icon icon-bag\"><svg xmlns=\"http:\/\/www.w3.org\/2000\/svg\" xmlns:xlink=\"http:\/\/www.w3.org\/1999\/xlink\" version=\"1.1\" id=\"ast-bag-icon-svg\" x=\"0px\" y=\"0px\" width=\"100\" height=\"100\" viewBox=\"826 826 140 140\" enable-background=\"new 826 826 140 140\" xml:space=\"preserve\">\n\t\t\t\t<path d=\"M960.758,934.509l2.632,23.541c0.15,1.403-0.25,2.657-1.203,3.761c-0.953,1.053-2.156,1.579-3.61,1.579H833.424  c-1.454,0-2.657-0.526-3.61-1.579c-0.952-1.104-1.354-2.357-1.203-3.761l2.632-23.541H960.758z M953.763,871.405l6.468,58.29H831.77  l6.468-58.29c0.15-1.203,0.677-2.218,1.58-3.045c0.903-0.827,1.981-1.241,3.234-1.241h19.254v9.627c0,2.658,0.94,4.927,2.82,6.807  s4.149,2.82,6.807,2.82c2.658,0,4.926-0.94,6.807-2.82s2.821-4.149,2.821-6.807v-9.627h28.882v9.627  c0,2.658,0.939,4.927,2.819,6.807c1.881,1.88,4.149,2.82,6.807,2.82s4.927-0.94,6.808-2.82c1.879-1.88,2.82-4.149,2.82-6.807v-9.627  h19.253c1.255,0,2.332,0.414,3.235,1.241C953.086,869.187,953.612,870.202,953.763,871.405z M924.881,857.492v19.254  c0,1.304-0.476,2.432-1.429,3.385s-2.08,1.429-3.385,1.429c-1.303,0-2.432-0.477-3.384-1.429c-0.953-0.953-1.43-2.081-1.43-3.385  v-19.254c0-5.315-1.881-9.853-5.641-13.613c-3.76-3.761-8.298-5.641-13.613-5.641s-9.853,1.88-13.613,5.641  c-3.761,3.76-5.641,8.298-5.641,13.613v19.254c0,1.304-0.476,2.432-1.429,3.385c-0.953,0.953-2.081,1.429-3.385,1.429  c-1.303,0-2.432-0.477-3.384-1.429c-0.953-0.953-1.429-2.081-1.429-3.385v-19.254c0-7.973,2.821-14.779,8.461-20.42  c5.641-5.641,12.448-8.461,20.42-8.461c7.973,0,14.779,2.82,20.42,8.461C922.062,842.712,924.881,849.519,924.881,857.492z\"\/>\n\t\t\t\t<\/svg><\/span> <\/span> <\/a><a href=\"?add-to-cart=765\" data-quantity=\"1\" class=\"button product_type_simple add_to_cart_button ajax_add_to_cart\" data-product_id=\"765\" data-product_sku=\"\" aria-label=\"A\u00f1ade &ldquo;Mi Planner de Bienestar Personalizado&rdquo; a tu carrito\" aria-describedby=\"\" rel=\"nofollow\">A\u00f1adir al carrito<\/a><\/li>\n<\/ul>\n<\/div>\n<\/div><\/div>\n\n\n\n<div class=\"wp-block-uagb-container uagb-block-5057b3e5 alignfull uagb-is-root-container\"><div class=\"uagb-container-inner-blocks-wrap\">\n<div class=\"wp-block-uagb-container uagb-block-38d2f377\">\n<div class=\"wp-block-uagb-info-box uagb-block-c7548521 uagb-infobox__content-wrap  uagb-infobox-icon-above-title uagb-infobox-image-valign-top\"><div class=\"uagb-ifb-content\"><div class=\"uagb-ifb-title-wrap\"><h3 class=\"uagb-ifb-title\">\u00bfQuieres lograr todas tu metas?<\/h3><\/div><div class=\"uagb-ifb-button-wrapper wp-block-button\"><a href=\"https:\/\/api.whatsapp.com\/send?phone=573102032560&amp;text=Hola!%20Quiero%20m%C3%A1s%20informaci%C3%B3n%20acerca%20de%20Mi%20Planner%20Productivo\" class=\"uagb-infobox-cta-link wp-block-button__link\" target=\"_self\" rel=\"noopener noreferrer\" onclick=\"return true;\" alt=\"\"><span class=\"uagb-inline-editing\">Hablemos por whatsapp<\/span><\/a><\/div><\/div><\/div>\n<\/div>\n\n\n\n<div class=\"wp-block-uagb-container uagb-block-73c931a6\">\n<p>1.TRANSFORMA TU MENTALIDAD<br>2.TEN CLARIDAD DE TUS METAS<br>3.PLANEA EL CAMINO<br>4.TOMA ACCI\u00d3N<\/p>\n\n\n\n<p>Mi Planner productivo es la gu\u00eda para que conviertas tus sue\u00f1os en metas.<\/p>\n<\/div>\n<\/div><\/div>\n","protected":false},"excerpt":{"rendered":"<p>Tienda Featured Planners 1.TRANSFORMA TU MENTALIDAD2.TEN CLARIDAD DE TUS METAS3.PLANEA EL CAMINO4.TOMA ACCI\u00d3N Mi Planner productivo es la gu\u00eda para que conviertas tus sue\u00f1os en metas.<\/p>\n","protected":false},"author":1,"featured_media":0,"parent":0,"menu_order":0,"comment_status":"closed","ping_status":"closed","template":"","meta":{"_uag_custom_page_level_css":"","site-sidebar-layout":"default","site-content-layout":"plain-container","ast-site-content-layout":"normal-width-container","site-content-style":"unboxed","site-sidebar-style":"unboxed","ast-global-header-display":"","ast-banner-title-visibility":"","ast-main-header-display":"","ast-hfb-above-header-display":"","ast-hfb-below-header-display":"","ast-hfb-mobile-header-display":"","site-post-title":"disabled","ast-breadcrumbs-content":"","ast-featured-img":"disabled","footer-sml-layout":"","theme-transparent-header-meta":"enabled","adv-header-id-meta":"","stick-header-meta":"","header-above-stick-meta":"","header-main-stick-meta":"","header-below-stick-meta":"","astra-migrate-meta-layouts":"set","footnotes":""},"jetpack_sharing_enabled":true,"uagb_featured_image_src":{"full":false,"thumbnail":false,"medium":false,"medium_large":false,"large":false,"1536x1536":false,"2048x2048":false,"mailpoet_newsletter_max":false,"woocommerce_thumbnail":false,"woocommerce_single":false,"woocommerce_gallery_thumbnail":false},"uagb_author_info":{"display_name":"tuplannerproductivo.com","author_link":"https:\/\/tuplannerproductivo.com\/?author=1"},"uagb_comment_info":0,"uagb_excerpt":"Tienda Featured Planners 1.TRANSFORMA TU MENTALIDAD2.TEN CLARIDAD DE TUS METAS3.PLANEA EL CAMINO4.TOMA ACCI\u00d3N Mi Planner productivo es la gu\u00eda para que conviertas tus sue\u00f1os en metas.","_links":{"self":[{"href":"https:\/\/tuplannerproductivo.com\/index.php?rest_route=\/wp\/v2\/pages\/118"}],"collection":[{"href":"https:\/\/tuplannerproductivo.com\/index.php?rest_route=\/wp\/v2\/pages"}],"about":[{"href":"https:\/\/tuplannerproductivo.com\/index.php?rest_route=\/wp\/v2\/types\/page"}],"author":[{"embeddable":true,"href":"https:\/\/tuplannerproductivo.com\/index.php?rest_route=\/wp\/v2\/users\/1"}],"replies":[{"embeddable":true,"href":"https:\/\/tuplannerproductivo.com\/index.php?rest_route=%2Fwp%2Fv2%2Fcomments&post=118"}],"version-history":[{"count":4,"href":"https:\/\/tuplannerproductivo.com\/index.php?rest_route=\/wp\/v2\/pages\/118\/revisions"}],"predecessor-version":[{"id":696,"href":"https:\/\/tuplannerproductivo.com\/index.php?rest_route=\/wp\/v2\/pages\/118\/revisions\/696"}],"wp:attachment":[{"href":"https:\/\/tuplannerproductivo.com\/index.php?rest_route=%2Fwp%2Fv2%2Fmedia&parent=118"}],"curies":[{"name":"wp","href":"https:\/\/api.w.org\/{rel}","templated":true}]}}