{"id":752,"date":"2025-08-06T16:15:08","date_gmt":"2025-08-06T16:15:08","guid":{"rendered":"https:\/\/tuplannerproductivo.com\/?post_type=product&#038;p=752"},"modified":"2025-12-01T18:10:46","modified_gmt":"2025-12-01T18:10:46","slug":"mi-planner-productivo-personalizado-2","status":"publish","type":"product","link":"https:\/\/tuplannerproductivo.com\/?product=mi-planner-productivo-personalizado-2","title":{"rendered":"Mi Planner Productivo Personalizado"},"content":{"rendered":"<p><span style=\"font-weight: 400;\"><strong>Mi Planner Productivo<\/strong> Personalizado viene con tu nombre! (10 Caracteres M\u00e1ximo), es la herramienta dise\u00f1ada para guiarte en la alineaci\u00f3n de tu mentalidad a la identidad que quieres tener, te ayudar\u00e1 a tener claridad en tu metas, definir el plan para alcanzarlas y crear h\u00e1bitos y rutinas que te lleven a donde quieres estar.\u00a0<\/span><\/p>\n<p>&nbsp;<\/p>\n","protected":false},"excerpt":{"rendered":"<p>Mi Planner Productivo es la agenda que guiar\u00e1 tu proceso hacia el logro de todas tu metas.<\/p>\n<p><span style=\"font-weight: 400;\">Te la entregamos <strong>una caja divina<\/strong>, perfecta para que te des un regalo o se lo des a otra persona.<\/span><\/p>\n<p><span style=\"font-weight: 400;\">Portada pasta dura y argollado color dorado\u00a0<\/span><\/p>\n<p><span style=\"font-weight: 400;\">Plantillas para que te recuerdes todas tu fortalezas, y hagas ejercicios de visualizaci\u00f3n que te llevar\u00e1n a crear la mentalidad de la persona que quieres ser.<\/span><\/p>\n<p><span style=\"font-weight: 400;\">Est\u00e1 divida en 12 meses que contiene:<\/span><\/p>\n<p><span style=\"font-weight: 400;\"><span class=\"fe5nidar khvhiq1o r5qsrrlp i5tg98hk f9ovudaz przvwfww gx1rr48f gfz4du6o r7fjleex nz2484kf svot0ezm dcnh1tix sxl192xd t3g6t33p\"><span class=\"mpj7bzys xzlurrtv\">\ud83d\udc9c <\/span><\/span>Planeador mensual<\/span><\/p>\n<p><span style=\"font-weight: 400;\"><span class=\"fe5nidar khvhiq1o r5qsrrlp i5tg98hk f9ovudaz przvwfww gx1rr48f gfz4du6o r7fjleex nz2484kf svot0ezm dcnh1tix sxl192xd t3g6t33p\"><span class=\"mpj7bzys xzlurrtv\">\ud83d\udc9c <\/span><\/span>Planeador de finanzas<\/span><\/p>\n<p><span style=\"font-weight: 400;\"><span class=\"fe5nidar khvhiq1o r5qsrrlp i5tg98hk f9ovudaz przvwfww gx1rr48f gfz4du6o r7fjleex nz2484kf svot0ezm dcnh1tix sxl192xd t3g6t33p\"><span class=\"mpj7bzys xzlurrtv\">\ud83d\udc9c <\/span><\/span>Tracker de h\u00e1bitos<\/span><\/p>\n<p><span style=\"font-weight: 400;\"><span class=\"fe5nidar khvhiq1o r5qsrrlp i5tg98hk f9ovudaz przvwfww gx1rr48f gfz4du6o r7fjleex nz2484kf svot0ezm dcnh1tix sxl192xd t3g6t33p\"><span class=\"mpj7bzys xzlurrtv\">\ud83d\udc9c <\/span><\/span>Plantilla para que siempre sepas las victorias que lograste en el mes<\/span><\/p>\n<p><span style=\"font-weight: 400;\"><span class=\"fe5nidar khvhiq1o r5qsrrlp i5tg98hk f9ovudaz przvwfww gx1rr48f gfz4du6o r7fjleex nz2484kf svot0ezm dcnh1tix sxl192xd t3g6t33p\"><span class=\"mpj7bzys xzlurrtv\">\ud83d\udc9c <\/span><\/span>P\u00e1ginas de notas cuadriculadas para que escribas todo lo que necesites.\u00a0\u00a0<\/span><\/p>\n<p><span style=\"font-weight: 400;\">149 hojas=298 p\u00e1ginas<\/span><\/p>\n","protected":false},"featured_media":753,"comment_status":"open","ping_status":"closed","template":"","meta":{"_uag_custom_page_level_css":"","site-sidebar-layout":"default","site-content-layout":"default","ast-site-content-layout":"default","site-content-style":"default","site-sidebar-style":"default","ast-global-header-display":"","ast-banner-title-visibility":"","ast-main-header-display":"","ast-hfb-above-header-display":"","ast-hfb-below-header-display":"","ast-hfb-mobile-header-display":"","site-post-title":"","ast-breadcrumbs-content":"","ast-featured-img":"","footer-sml-layout":"","theme-transparent-header-meta":"default","adv-header-id-meta":"","stick-header-meta":"","header-above-stick-meta":"","header-main-stick-meta":"","header-below-stick-meta":"","astra-migrate-meta-layouts":"set"},"product_cat":[22],"product_tag":[],"jetpack_sharing_enabled":true,"uagb_featured_image_src":{"full":["https:\/\/tuplannerproductivo.com\/wp-content\/uploads\/2025\/08\/Agenda-personalizada-scaled.jpeg",1920,2560,false],"thumbnail":["https:\/\/tuplannerproductivo.com\/wp-content\/uploads\/2025\/08\/Agenda-personalizada-150x150.jpeg",150,150,true],"medium":["https:\/\/tuplannerproductivo.com\/wp-content\/uploads\/2025\/08\/Agenda-personalizada-225x300.jpeg",225,300,true],"medium_large":["https:\/\/tuplannerproductivo.com\/wp-content\/uploads\/2025\/08\/Agenda-personalizada-768x1024.jpeg",768,1024,true],"large":["https:\/\/tuplannerproductivo.com\/wp-content\/uploads\/2025\/08\/Agenda-personalizada-768x1024.jpeg",768,1024,true],"1536x1536":["https:\/\/tuplannerproductivo.com\/wp-content\/uploads\/2025\/08\/Agenda-personalizada-1152x1536.jpeg",1152,1536,true],"2048x2048":["https:\/\/tuplannerproductivo.com\/wp-content\/uploads\/2025\/08\/Agenda-personalizada-1536x2048.jpeg",1536,2048,true],"mailpoet_newsletter_max":["https:\/\/tuplannerproductivo.com\/wp-content\/uploads\/2025\/08\/Agenda-personalizada-1320x1760.jpeg",1320,1760,true],"woocommerce_thumbnail":["https:\/\/tuplannerproductivo.com\/wp-content\/uploads\/2025\/08\/Agenda-personalizada-300x300.jpeg",300,300,true],"woocommerce_single":["https:\/\/tuplannerproductivo.com\/wp-content\/uploads\/2025\/08\/Agenda-personalizada-600x800.jpeg",600,800,true],"woocommerce_gallery_thumbnail":["https:\/\/tuplannerproductivo.com\/wp-content\/uploads\/2025\/08\/Agenda-personalizada-100x100.jpeg",100,100,true]},"uagb_author_info":{"display_name":"tuplannerproductivo.com","author_link":"https:\/\/tuplannerproductivo.com\/?author=0"},"uagb_comment_info":0,"uagb_excerpt":"Mi Planner Productivo es la agenda que guiar\u00e1 tu proceso hacia el logro de todas tu metas. Te la entregamos una caja divina, perfecta para que te des un regalo o se lo des a otra persona. Portada pasta dura y argollado color dorado\u00a0 Plantillas para que te recuerdes todas tu fortalezas, y hagas ejercicios&hellip;","_links":{"self":[{"href":"https:\/\/tuplannerproductivo.com\/index.php?rest_route=\/wp\/v2\/product\/752"}],"collection":[{"href":"https:\/\/tuplannerproductivo.com\/index.php?rest_route=\/wp\/v2\/product"}],"about":[{"href":"https:\/\/tuplannerproductivo.com\/index.php?rest_route=\/wp\/v2\/types\/product"}],"replies":[{"embeddable":true,"href":"https:\/\/tuplannerproductivo.com\/index.php?rest_route=%2Fwp%2Fv2%2Fcomments&post=752"}],"wp:featuredmedia":[{"embeddable":true,"href":"https:\/\/tuplannerproductivo.com\/index.php?rest_route=\/wp\/v2\/media\/753"}],"wp:attachment":[{"href":"https:\/\/tuplannerproductivo.com\/index.php?rest_route=%2Fwp%2Fv2%2Fmedia&parent=752"}],"wp:term":[{"taxonomy":"product_cat","embeddable":true,"href":"https:\/\/tuplannerproductivo.com\/index.php?rest_route=%2Fwp%2Fv2%2Fproduct_cat&post=752"},{"taxonomy":"product_tag","embeddable":true,"href":"https:\/\/tuplannerproductivo.com\/index.php?rest_route=%2Fwp%2Fv2%2Fproduct_tag&post=752"}],"curies":[{"name":"wp","href":"https:\/\/api.w.org\/{rel}","templated":true}]}}