{"id":755,"date":"2025-08-06T17:05:33","date_gmt":"2025-08-06T17:05:33","guid":{"rendered":"https:\/\/tuplannerproductivo.com\/?post_type=product&#038;p=755"},"modified":"2025-12-21T08:41:48","modified_gmt":"2025-12-21T08:41:48","slug":"bigmandala","status":"publish","type":"product","link":"https:\/\/tuplannerproductivo.com\/?product=bigmandala","title":{"rendered":"Big Mandala"},"content":{"rendered":"<p><b>Tu momento de pausa creativa, calma mental y conexi\u00f3n interior.<\/b><\/p>\n<p>Nuestra m\u00e1ndala est\u00e1n dise\u00f1ados para que vivas una experiencia de mindfulness desde el arte. Pintarlos es una forma de meditar con los colores, liberar el estr\u00e9s y reconectar con vos misma a trav\u00e9s de la creatividad.<\/p>\n<p>\ud83d\udcab \u00bfQu\u00e9 hace especiales a estos m\u00e1ndalas?<\/p>\n<ul>\n<li>Vienen en <b>formato grande<\/b> e impresos sobre <b>tela de alta calidad<\/b>, lo que los hace duraderos y decorativos.<\/li>\n<li>Son ideales para pintar con <b>acr\u00edlicos, marcadores textiles o pintura para tela<\/b>.<\/li>\n<li>Cada dise\u00f1o est\u00e1 pensado para que te enfoques, te relajes y te conectes con el momento presente.<\/li>\n<\/ul>\n<p>\ud83d\udd8c\ufe0f Beneficios mindful:<\/p>\n<ul>\n<li>Estimulan la concentraci\u00f3n y reducen la ansiedad<\/li>\n<li>Fomentan la creatividad libre, sin juicios<\/li>\n<li>Sirven como decoraci\u00f3n \u00fanica hecha por vos<\/li>\n<li>Son perfectos para regalar a alguien que necesita una pausa<\/li>\n<li>\ud83c\udf3f Pintar es m\u00e1s que un pasatiempo: es un ritual de bienestar.<br \/>\nTomate un momento para vos. Pincel en mano, mente en calma.<\/li>\n<\/ul>\n","protected":false},"excerpt":{"rendered":"<div><strong>Big M\u00e1ndala para Pintar \u2013 Conecta con tu calma interior<\/strong> \ud83c\udfa8\ud83e\uddd8\u200d\u2640\ufe0f<\/div>\n<div><\/div>\n<div>Nuestra Big M\u00e1ndala en tela fue dise\u00f1ada para regalarte un espacio de presencia, creatividad y reconexi\u00f3n contigo misma.<\/div>\n<div>Una pr\u00e1ctica de mindfulness activa que te permite meditar en movimiento mientras pintas y te expresas sin juicio.<\/div>\n<div><\/div>\n<div>Ideal para quienes necesitan una pausa del ritmo acelerado, esta m\u00e1ndala es mucho m\u00e1s que una actividad creativa:<\/div>\n<div>\ud83d\udcab Es un ritual de bienestar que invita a la introspecci\u00f3n, la calma y el disfrute.<\/div>\n<div><\/div>\n<div><strong>Incluye:<\/strong><\/div>\n<div>\u2714 M\u00e1ndala impresa en tela de gran formato<\/div>\n<div>\u2714 Pinturas especiales para tela<\/div>\n<div>\u2714 Mezclador de pinturas<\/div>\n<div>\u2714Pinceles<\/div>\n<div><\/div>\n<div><strong>Perfecta para:<\/strong><\/div>\n<div>\u2022Practicar atenci\u00f3n plena sin necesidad de \u201cquedarte quieta\u201d<\/div>\n<div>\u2022Disminuir el estr\u00e9s y la ansiedad a trav\u00e9s del color<\/div>\n<div>\u2022Regalarte tiempo de calidad contigo misma o compartirlo en familia<\/div>\n<div><\/div>\n<div>\u2728 No necesitas ser artista, solo estar dispuesta a habitar tu presente.<\/div>\n","protected":false},"featured_media":757,"comment_status":"open","ping_status":"closed","template":"","meta":{"_uag_custom_page_level_css":"","site-sidebar-layout":"default","site-content-layout":"","ast-site-content-layout":"default","site-content-style":"default","site-sidebar-style":"default","ast-global-header-display":"","ast-banner-title-visibility":"","ast-main-header-display":"","ast-hfb-above-header-display":"","ast-hfb-below-header-display":"","ast-hfb-mobile-header-display":"","site-post-title":"","ast-breadcrumbs-content":"","ast-featured-img":"","footer-sml-layout":"","theme-transparent-header-meta":"default","adv-header-id-meta":"","stick-header-meta":"","header-above-stick-meta":"","header-main-stick-meta":"","header-below-stick-meta":"","astra-migrate-meta-layouts":"set"},"product_cat":[24],"product_tag":[25],"jetpack_sharing_enabled":true,"uagb_featured_image_src":{"full":["https:\/\/tuplannerproductivo.com\/wp-content\/uploads\/2025\/08\/IMG_1768-scaled.jpg",2560,1437,false],"thumbnail":["https:\/\/tuplannerproductivo.com\/wp-content\/uploads\/2025\/08\/IMG_1768-150x150.jpg",150,150,true],"medium":["https:\/\/tuplannerproductivo.com\/wp-content\/uploads\/2025\/08\/IMG_1768-300x168.jpg",300,168,true],"medium_large":["https:\/\/tuplannerproductivo.com\/wp-content\/uploads\/2025\/08\/IMG_1768-768x431.jpg",768,431,true],"large":["https:\/\/tuplannerproductivo.com\/wp-content\/uploads\/2025\/08\/IMG_1768-1024x575.jpg",1024,575,true],"1536x1536":["https:\/\/tuplannerproductivo.com\/wp-content\/uploads\/2025\/08\/IMG_1768-1536x862.jpg",1536,862,true],"2048x2048":["https:\/\/tuplannerproductivo.com\/wp-content\/uploads\/2025\/08\/IMG_1768-2048x1150.jpg",2048,1150,true],"mailpoet_newsletter_max":["https:\/\/tuplannerproductivo.com\/wp-content\/uploads\/2025\/08\/IMG_1768-1320x741.jpg",1320,741,true],"woocommerce_thumbnail":["https:\/\/tuplannerproductivo.com\/wp-content\/uploads\/2025\/08\/IMG_1768-300x300.jpg",300,300,true],"woocommerce_single":["https:\/\/tuplannerproductivo.com\/wp-content\/uploads\/2025\/08\/IMG_1768-600x337.jpg",600,337,true],"woocommerce_gallery_thumbnail":["https:\/\/tuplannerproductivo.com\/wp-content\/uploads\/2025\/08\/IMG_1768-100x100.jpg",100,100,true]},"uagb_author_info":{"display_name":"tuplannerproductivo.com","author_link":"https:\/\/tuplannerproductivo.com\/?author=0"},"uagb_comment_info":2,"uagb_excerpt":"Big M\u00e1ndala para Pintar \u2013 Conecta con tu calma interior \ud83c\udfa8\ud83e\uddd8\u200d\u2640\ufe0f Nuestra Big M\u00e1ndala en tela fue dise\u00f1ada para regalarte un espacio de presencia, creatividad y reconexi\u00f3n contigo misma. Una pr\u00e1ctica de mindfulness activa que te permite meditar en movimiento mientras pintas y te expresas sin juicio. Ideal para quienes necesitan una pausa del ritmo&hellip;","_links":{"self":[{"href":"https:\/\/tuplannerproductivo.com\/index.php?rest_route=\/wp\/v2\/product\/755"}],"collection":[{"href":"https:\/\/tuplannerproductivo.com\/index.php?rest_route=\/wp\/v2\/product"}],"about":[{"href":"https:\/\/tuplannerproductivo.com\/index.php?rest_route=\/wp\/v2\/types\/product"}],"replies":[{"embeddable":true,"href":"https:\/\/tuplannerproductivo.com\/index.php?rest_route=%2Fwp%2Fv2%2Fcomments&post=755"}],"wp:featuredmedia":[{"embeddable":true,"href":"https:\/\/tuplannerproductivo.com\/index.php?rest_route=\/wp\/v2\/media\/757"}],"wp:attachment":[{"href":"https:\/\/tuplannerproductivo.com\/index.php?rest_route=%2Fwp%2Fv2%2Fmedia&parent=755"}],"wp:term":[{"taxonomy":"product_cat","embeddable":true,"href":"https:\/\/tuplannerproductivo.com\/index.php?rest_route=%2Fwp%2Fv2%2Fproduct_cat&post=755"},{"taxonomy":"product_tag","embeddable":true,"href":"https:\/\/tuplannerproductivo.com\/index.php?rest_route=%2Fwp%2Fv2%2Fproduct_tag&post=755"}],"curies":[{"name":"wp","href":"https:\/\/api.w.org\/{rel}","templated":true}]}}