{"id":778,"date":"2019-12-06T15:46:27","date_gmt":"2019-12-06T15:46:27","guid":{"rendered":"https:\/\/tuplannerproductivo.com\/?post_type=product&#038;p=778"},"modified":"2025-12-06T15:46:58","modified_gmt":"2025-12-06T15:46:58","slug":"mi-planner-de-bienestar-personalizado-baby-blue","status":"publish","type":"product","link":"https:\/\/tuplannerproductivo.com\/?product=mi-planner-de-bienestar-personalizado-baby-blue","title":{"rendered":"Mi Planner de Bienestar Personalizado &#8211; Baby Blue"},"content":{"rendered":"<p>La agenda personalizada con tu nombre, color y dise\u00f1o.<br \/>\nIncluye herramientas para organizar tu a\u00f1o con intenci\u00f3n: rueda de la vida, bucket list, carta a tu yo futuro, calendario y planeaci\u00f3n anual.<\/p>\n<p>Cada mes trae recordatorios de bienestar, prioridad del mes, brain dump, metas simples, 30 d\u00edas de agradecimiento y un cierre mensual para revisar tus avances.<br \/>\nAdem\u00e1s, 16 p\u00e1ginas de notas.<\/p>\n","protected":false},"excerpt":{"rendered":"<p>\u2728 Agenda de bienestar personalizada 2026<br \/>\nLa agenda que puedes personalizar con tu nombre, elegir el color y el dise\u00f1o que m\u00e1s va contigo.<\/p>\n<p>Lo que incluye:<\/p>\n<p>\ud83c\udf3f Radiograf\u00eda de tu vida (rueda de la vida)<br \/>\n\u2728 Bucket List: 12 experiencias en 12 meses<br \/>\n\ud83d\udc8c Carta a tu yo futuro<br \/>\n\ud83d\udcc6 Calendario 2026<br \/>\n\ud83d\uddd3\ufe0f Planeaci\u00f3n anual<\/p>\n<p>Incluye 12 meses y Cada mes tiene:<\/p>\n<p>\ud83e\uddd8\u200d\u2640\ufe0f Recordatorios de bienestar, frases y herramientas para ayudarte a mantener el equilibrio.<\/p>\n<p>\ud83d\udccc P\u00e1gina de inicio del mes para definir tu prioridad y la energ\u00eda que quieres trabajar.<\/p>\n<p>\ud83e\udde0 Brain Dump (descarga mental) para vaciar tu mente y organizar tus pendientes del mes.<\/p>\n<p>\ud83c\udfaf Lista de promesas del mes para planear tus metas mensuales sin abrumarte.<\/p>\n<p>\ud83d\ude4f Diario de agradecimiento \u2013 30 d\u00edas<br \/>\npara escribir algo simple que te llene de gratitud cada d\u00eda.<\/p>\n<p>\ud83d\udcd3 Cierre del mes:<br \/>\n\u2013 3 logros<br \/>\n\u2013 Lo que disfrutaste<br \/>\n\u2013 Lo que aprendiste<br \/>\n\u2013 Qu\u00e9 puedes mejorar<br \/>\n\u2013 En qu\u00e9 te quieres enfocar el pr\u00f3ximo mes<\/p>\n<p>\ud83d\udcdd 16 p\u00e1ginas de notas para que escribas lo que quieras.<\/p>\n","protected":false},"featured_media":763,"comment_status":"closed","ping_status":"closed","template":"","meta":{"_uag_custom_page_level_css":"","site-sidebar-layout":"default","site-content-layout":"","ast-site-content-layout":"default","site-content-style":"default","site-sidebar-style":"default","ast-global-header-display":"","ast-banner-title-visibility":"","ast-main-header-display":"","ast-hfb-above-header-display":"","ast-hfb-below-header-display":"","ast-hfb-mobile-header-display":"","site-post-title":"","ast-breadcrumbs-content":"","ast-featured-img":"","footer-sml-layout":"","theme-transparent-header-meta":"default","adv-header-id-meta":"","stick-header-meta":"","header-above-stick-meta":"","header-main-stick-meta":"","header-below-stick-meta":"","astra-migrate-meta-layouts":"set"},"product_cat":[24,22],"product_tag":[],"jetpack_sharing_enabled":true,"uagb_featured_image_src":{"full":["https:\/\/tuplannerproductivo.com\/wp-content\/uploads\/2025\/11\/2-scaled.jpeg",2560,2560,false],"thumbnail":["https:\/\/tuplannerproductivo.com\/wp-content\/uploads\/2025\/11\/2-150x150.jpeg",150,150,true],"medium":["https:\/\/tuplannerproductivo.com\/wp-content\/uploads\/2025\/11\/2-300x300.jpeg",300,300,true],"medium_large":["https:\/\/tuplannerproductivo.com\/wp-content\/uploads\/2025\/11\/2-768x768.jpeg",768,768,true],"large":["https:\/\/tuplannerproductivo.com\/wp-content\/uploads\/2025\/11\/2-1024x1024.jpeg",1024,1024,true],"1536x1536":["https:\/\/tuplannerproductivo.com\/wp-content\/uploads\/2025\/11\/2-1536x1536.jpeg",1536,1536,true],"2048x2048":["https:\/\/tuplannerproductivo.com\/wp-content\/uploads\/2025\/11\/2-2048x2048.jpeg",2048,2048,true],"mailpoet_newsletter_max":["https:\/\/tuplannerproductivo.com\/wp-content\/uploads\/2025\/11\/2-1320x1320.jpeg",1320,1320,true],"woocommerce_thumbnail":["https:\/\/tuplannerproductivo.com\/wp-content\/uploads\/2025\/11\/2-300x300.jpeg",300,300,true],"woocommerce_single":["https:\/\/tuplannerproductivo.com\/wp-content\/uploads\/2025\/11\/2-600x600.jpeg",600,600,true],"woocommerce_gallery_thumbnail":["https:\/\/tuplannerproductivo.com\/wp-content\/uploads\/2025\/11\/2-100x100.jpeg",100,100,true]},"uagb_author_info":{"display_name":"tuplannerproductivo.com","author_link":"https:\/\/tuplannerproductivo.com\/?author=0"},"uagb_comment_info":0,"uagb_excerpt":"\u2728 Agenda de bienestar personalizada 2026 La agenda que puedes personalizar con tu nombre, elegir el color y el dise\u00f1o que m\u00e1s va contigo. Lo que incluye: \ud83c\udf3f Radiograf\u00eda de tu vida (rueda de la vida) \u2728 Bucket List: 12 experiencias en 12 meses \ud83d\udc8c Carta a tu yo futuro \ud83d\udcc6 Calendario 2026 \ud83d\uddd3\ufe0f Planeaci\u00f3n&hellip;","_links":{"self":[{"href":"https:\/\/tuplannerproductivo.com\/index.php?rest_route=\/wp\/v2\/product\/778"}],"collection":[{"href":"https:\/\/tuplannerproductivo.com\/index.php?rest_route=\/wp\/v2\/product"}],"about":[{"href":"https:\/\/tuplannerproductivo.com\/index.php?rest_route=\/wp\/v2\/types\/product"}],"replies":[{"embeddable":true,"href":"https:\/\/tuplannerproductivo.com\/index.php?rest_route=%2Fwp%2Fv2%2Fcomments&post=778"}],"wp:featuredmedia":[{"embeddable":true,"href":"https:\/\/tuplannerproductivo.com\/index.php?rest_route=\/wp\/v2\/media\/763"}],"wp:attachment":[{"href":"https:\/\/tuplannerproductivo.com\/index.php?rest_route=%2Fwp%2Fv2%2Fmedia&parent=778"}],"wp:term":[{"taxonomy":"product_cat","embeddable":true,"href":"https:\/\/tuplannerproductivo.com\/index.php?rest_route=%2Fwp%2Fv2%2Fproduct_cat&post=778"},{"taxonomy":"product_tag","embeddable":true,"href":"https:\/\/tuplannerproductivo.com\/index.php?rest_route=%2Fwp%2Fv2%2Fproduct_tag&post=778"}],"curies":[{"name":"wp","href":"https:\/\/api.w.org\/{rel}","templated":true}]}}