{"id":84,"date":"2019-01-23T13:20:21","date_gmt":"2019-01-23T13:20:21","guid":{"rendered":"http:\/\/tuplannerproductivo.com\/?product=green-soil-lotus"},"modified":"2025-12-01T18:13:04","modified_gmt":"2025-12-01T18:13:04","slug":"plannerdiario","status":"publish","type":"product","link":"https:\/\/tuplannerproductivo.com\/?product=plannerdiario","title":{"rendered":"Mi Planner Diario"},"content":{"rendered":"<p>Mi Planner Diario \ud83d\uddd2\ufe0f es la herramienta para planificar cada uno de tus d\u00edas de manera organizada y cronol\u00f3gica para que cumplas todos tu objetivos del d\u00eda.<\/p>\n<p>&nbsp;<\/p>\n","protected":false},"excerpt":{"rendered":"<p>Tu Planner Diario \ud83d\uddd2\ufe0f es la herramienta para planificar cada uno de tus d\u00edas de manera organizada y cronol\u00f3gica para que cumplas todos tu objetivos del d\u00eda.<\/p>\n<p>\ud83d\udc97Cuenta con portada y contraportada Pasta Dura<br \/>\n\ud83d\udc97Tama\u00f1o 14,5 cm X 21 cm<br \/>\n\ud83d\udc9790 Hojas impresas por un lado una plantilla para que planees tu d\u00eda y por el otro para que escribas todas tus notas<\/p>\n","protected":false},"featured_media":709,"comment_status":"open","ping_status":"closed","template":"","meta":{"_uag_custom_page_level_css":"","site-sidebar-layout":"default","site-content-layout":"default","ast-site-content-layout":"default","site-content-style":"default","site-sidebar-style":"default","ast-global-header-display":"","ast-banner-title-visibility":"","ast-main-header-display":"","ast-hfb-above-header-display":"","ast-hfb-below-header-display":"","ast-hfb-mobile-header-display":"","site-post-title":"","ast-breadcrumbs-content":"","ast-featured-img":"","footer-sml-layout":"","theme-transparent-header-meta":"default","adv-header-id-meta":"","stick-header-meta":"","header-above-stick-meta":"","header-main-stick-meta":"","header-below-stick-meta":"","astra-migrate-meta-layouts":"set"},"product_cat":[24,22],"product_tag":[],"jetpack_sharing_enabled":true,"uagb_featured_image_src":{"full":["https:\/\/tuplannerproductivo.com\/wp-content\/uploads\/2019\/01\/Mi-Planner-Diario-scaled.jpeg",2560,2560,false],"thumbnail":["https:\/\/tuplannerproductivo.com\/wp-content\/uploads\/2019\/01\/Mi-Planner-Diario-150x150.jpeg",150,150,true],"medium":["https:\/\/tuplannerproductivo.com\/wp-content\/uploads\/2019\/01\/Mi-Planner-Diario-300x300.jpeg",300,300,true],"medium_large":["https:\/\/tuplannerproductivo.com\/wp-content\/uploads\/2019\/01\/Mi-Planner-Diario-768x768.jpeg",768,768,true],"large":["https:\/\/tuplannerproductivo.com\/wp-content\/uploads\/2019\/01\/Mi-Planner-Diario-1024x1024.jpeg",1024,1024,true],"1536x1536":["https:\/\/tuplannerproductivo.com\/wp-content\/uploads\/2019\/01\/Mi-Planner-Diario-1536x1536.jpeg",1536,1536,true],"2048x2048":["https:\/\/tuplannerproductivo.com\/wp-content\/uploads\/2019\/01\/Mi-Planner-Diario-2048x2048.jpeg",2048,2048,true],"mailpoet_newsletter_max":["https:\/\/tuplannerproductivo.com\/wp-content\/uploads\/2019\/01\/Mi-Planner-Diario-1320x1320.jpeg",1320,1320,true],"woocommerce_thumbnail":["https:\/\/tuplannerproductivo.com\/wp-content\/uploads\/2019\/01\/Mi-Planner-Diario-300x300.jpeg",300,300,true],"woocommerce_single":["https:\/\/tuplannerproductivo.com\/wp-content\/uploads\/2019\/01\/Mi-Planner-Diario-600x600.jpeg",600,600,true],"woocommerce_gallery_thumbnail":["https:\/\/tuplannerproductivo.com\/wp-content\/uploads\/2019\/01\/Mi-Planner-Diario-100x100.jpeg",100,100,true]},"uagb_author_info":{"display_name":"tuplannerproductivo.com","author_link":"https:\/\/tuplannerproductivo.com\/?author=0"},"uagb_comment_info":0,"uagb_excerpt":"Tu Planner Diario \ud83d\uddd2\ufe0f es la herramienta para planificar cada uno de tus d\u00edas de manera organizada y cronol\u00f3gica para que cumplas todos tu objetivos del d\u00eda. \ud83d\udc97Cuenta con portada y contraportada Pasta Dura \ud83d\udc97Tama\u00f1o 14,5 cm X 21 cm \ud83d\udc9790 Hojas impresas por un lado una plantilla para que planees tu d\u00eda y por&hellip;","_links":{"self":[{"href":"https:\/\/tuplannerproductivo.com\/index.php?rest_route=\/wp\/v2\/product\/84"}],"collection":[{"href":"https:\/\/tuplannerproductivo.com\/index.php?rest_route=\/wp\/v2\/product"}],"about":[{"href":"https:\/\/tuplannerproductivo.com\/index.php?rest_route=\/wp\/v2\/types\/product"}],"replies":[{"embeddable":true,"href":"https:\/\/tuplannerproductivo.com\/index.php?rest_route=%2Fwp%2Fv2%2Fcomments&post=84"}],"wp:featuredmedia":[{"embeddable":true,"href":"https:\/\/tuplannerproductivo.com\/index.php?rest_route=\/wp\/v2\/media\/709"}],"wp:attachment":[{"href":"https:\/\/tuplannerproductivo.com\/index.php?rest_route=%2Fwp%2Fv2%2Fmedia&parent=84"}],"wp:term":[{"taxonomy":"product_cat","embeddable":true,"href":"https:\/\/tuplannerproductivo.com\/index.php?rest_route=%2Fwp%2Fv2%2Fproduct_cat&post=84"},{"taxonomy":"product_tag","embeddable":true,"href":"https:\/\/tuplannerproductivo.com\/index.php?rest_route=%2Fwp%2Fv2%2Fproduct_tag&post=84"}],"curies":[{"name":"wp","href":"https:\/\/api.w.org\/{rel}","templated":true}]}}